{"id":382,"date":"2018-06-07T09:52:16","date_gmt":"2018-06-07T06:52:16","guid":{"rendered":"http:\/\/www.mepsteel.fi\/?page_id=382"},"modified":"2021-02-03T14:16:33","modified_gmt":"2021-02-03T12:16:33","slug":"stone-murskalaitos","status":"publish","type":"page","link":"https:\/\/www.mepsteel.fi\/sivut\/stone-murskalaitos\/","title":{"rendered":"stOne murskalaitos"},"content":{"rendered":"<div class=\"fusion-fullwidth fullwidth-box fusion-builder-row-1 nonhundred-percent-fullwidth non-hundred-percent-height-scrolling\" style=\"--awb-border-radius-top-left:0px;--awb-border-radius-top-right:0px;--awb-border-radius-bottom-right:0px;--awb-border-radius-bottom-left:0px;--awb-flex-wrap:wrap;\" ><div class=\"fusion-builder-row fusion-row\"><div class=\"fusion-layout-column fusion_builder_column fusion-builder-column-0 fusion_builder_column_1_1 1_1 fusion-one-full fusion-column-first fusion-column-last\" style=\"--awb-bg-size:cover;\"><div class=\"fusion-column-wrapper fusion-flex-column-wrapper-legacy\"><div class=\"fusion-sep-clear\"><\/div><div class=\"fusion-separator fusion-full-width-sep\" style=\"margin-left: auto;margin-right: auto;width:100%;\"><div class=\"fusion-separator-border sep-single sep-solid\" style=\"--awb-height:20px;--awb-amount:20px;border-color:#e0dede;border-top-width:1px;\"><\/div><\/div><div class=\"fusion-sep-clear\"><\/div><div class=\"fusion-text fusion-text-1\"><h1 style=\"text-align: center;\"><strong>stOne murskauslaitos<\/strong><\/h1>\n<\/div><div class=\"fusion-slider-sc fusion-flexslider-loading flexslider flexslider-hover-type-none\" data-slideshow_autoplay=\"1\" data-slideshow_smooth_height=\"0\" data-slideshow_speed=\"7000\" style=\"max-width:100%;height:100%;\"><ul class=\"slides\"><li class=\"image\"><span class=\"fusion-image-hover-element hover-type-none\"><img decoding=\"async\" src=\"https:\/\/www.mepsteel.fi\/sivut\/wp-content\/uploads\/2018\/09\/DSC_0373.jpg\" width=\"4618\" height=\"3464\" \/><\/span><\/li><li class=\"image\"><span class=\"fusion-image-hover-element hover-type-none\"><img decoding=\"async\" src=\"https:\/\/www.mepsteel.fi\/sivut\/wp-content\/uploads\/2018\/09\/DSC_0380.jpg\" width=\"4618\" height=\"3464\" \/><\/span><\/li><li class=\"image\"><span class=\"fusion-image-hover-element hover-type-none\"><img decoding=\"async\" src=\"https:\/\/www.mepsteel.fi\/sivut\/wp-content\/uploads\/2018\/06\/IMG_20161005_145303186.jpg\" width=\"3264\" height=\"1836\" \/><\/span><\/li><li class=\"image\"><span class=\"fusion-image-hover-element hover-type-none\"><img decoding=\"async\" src=\"https:\/\/www.mepsteel.fi\/sivut\/wp-content\/uploads\/2018\/06\/IMG_20161130_123447780_HDR.jpg\" width=\"3264\" height=\"1836\" \/><\/span><\/li><li class=\"image\"><span class=\"fusion-image-hover-element hover-type-none\"><img decoding=\"async\" src=\"https:\/\/www.mepsteel.fi\/sivut\/wp-content\/uploads\/2018\/06\/30.jpg\" width=\"3264\" height=\"1836\" \/><\/span><\/li><li class=\"image\"><span class=\"fusion-image-hover-element hover-type-none\"><img decoding=\"async\" src=\"https:\/\/www.mepsteel.fi\/sivut\/wp-content\/uploads\/2018\/09\/DSC_0374.jpg\" width=\"4618\" height=\"3464\" \/><\/span><\/li><li class=\"image\"><span class=\"fusion-image-hover-element hover-type-none\"><img decoding=\"async\" src=\"https:\/\/www.mepsteel.fi\/sivut\/wp-content\/uploads\/2018\/09\/DSC_0376.jpg\" width=\"4618\" height=\"3464\" \/><\/span><\/li><li class=\"image\"><span class=\"fusion-image-hover-element hover-type-none\"><img decoding=\"async\" src=\"https:\/\/www.mepsteel.fi\/sivut\/wp-content\/uploads\/2018\/09\/DSC_0375.jpg\" width=\"4618\" height=\"3464\" \/><\/span><\/li><li class=\"image\"><span class=\"fusion-image-hover-element hover-type-none\"><img decoding=\"async\" src=\"https:\/\/www.mepsteel.fi\/sivut\/wp-content\/uploads\/2018\/09\/DSC_0372.jpg\" width=\"4618\" height=\"3464\" \/><\/span><\/li><\/ul><\/div><div class=\"fusion-sep-clear\"><\/div><div class=\"fusion-separator fusion-full-width-sep\" style=\"margin-left: auto;margin-right: auto;width:100%;\"><div class=\"fusion-separator-border sep-single sep-solid\" style=\"--awb-height:20px;--awb-amount:20px;border-color:#e0dede;border-top-width:1px;\"><\/div><\/div><div class=\"fusion-sep-clear\"><\/div><div class=\"fusion-text fusion-text-2\"><h4 style=\"text-align: center;\"><strong>stONE-murskauslaitos on rakennettu ammattilaisilta ammattilaisille. Se on t\u00e4ysin uudelleensuunniteltu, j\u00e4re\u00e4 murskauslaitos josta on j\u00e4tetty pois kaikki turha. Laitteessa ei ole tietokoneohjausta, vaan ratkaisussa on k\u00e4ytetty helposti ohjattavia ja vaihdettavia relekomponentteja. Laite on suunniteltu yhteisty\u00f6ss\u00e4 yli 40 vuoden kivimurskausalan\u00a0kokemuksen omaavan Maslag Oy:n kanssa t\u00e4ysin loppuk\u00e4ytt\u00e4j\u00e4\u00e4 ajatellen.<\/strong><\/h4>\n<h4 style=\"text-align: center;\"><strong>Laitoksen tekniset ratkaisut ovat uraauurtavia, vaikkakin niin helppoja ett\u00e4 tulee mieleen: &#8221;Miksi min\u00e4 en ajatellut tuota?&#8221;. <\/strong><strong>Esimerkiksi etumurskaimen alla oleva kavennin ja kuljettimen reunakumit ovat kuluvia osia, joista Suomen talviolosuhteissa voi olla enemm\u00e4n haittaa kuin\u00a0hy\u00f6ty\u00e4. Ratkaisumme siihen oli j\u00e4tt\u00e4\u00e4 ne kokonaan pois ja lis\u00e4t\u00e4 kuljetinhihnan leveytt\u00e4 jolloin ratkaisun hy\u00f6dyt ovat ilmeiset. My\u00f6s kululevyt ja ja muut vaihdettavat kuluvat osat tehd\u00e4\u00e4n vahvoiksi, jotta vaihtot\u00f6iden tarve v\u00e4henee ja koneen seisonta-aika v\u00e4hentyy merkitt\u00e4v\u00e4sti.\u00a0<\/strong><\/h4>\n<h4 style=\"text-align: center;\"><strong>K\u00e4ytt\u00f6ik\u00e4\u00e4 ja Suomen talviolosuhteita on ajateltu my\u00f6s k\u00e4ytt\u00f6voimassa. Koko laitos toimii s\u00e4hk\u00f6isesti ja generaattoreita on kaksi, p\u00e4\u00e4generaattorina toimii j\u00e4re\u00e4 720kW\/V12-moottori jolla on pieni apugeneraattori.<\/strong><\/h4>\n<h4 style=\"text-align: center;\"><strong>Laitehuollon kannalta tulee varmasti ensimm\u00e4isen\u00e4 mieleen kysymys: &#8221;Ent\u00e4s kun se hajoaa?&#8221; Ei huolta. Koska laitteessa ei ole tietokoneohjausta, s\u00e4hk\u00f6puolen korjaukset voi hoitaa s\u00e4hk\u00f6alan ammattilainen. Kaikki niin mekaaniset kuin s\u00e4hk\u00f6iset osat ovat standardimalleja joita saa lyhyell\u00e4 varoitusajalla miltei mist\u00e4 tahansa varaosaliikkeest\u00e4.<\/strong><\/h4>\n<h4 style=\"text-align: center;\"><strong>Kahdeksaan eri mittaiseen kuljettimeen k\u00e4ytet\u00e4\u00e4n samaa moottoria mallia, jonka tehoa s\u00e4\u00e4dell\u00e4\u00e4n muuntimella. Yksi moottori varaosavarastossa kahdeksan sijaan s\u00e4\u00e4st\u00e4\u00e4 sek\u00e4 tilaa ett\u00e4 rahaa. Murskauslaitoksen mahdollisesti rikkoutuvat osat on v\u00e4hennetty minimiin, jotta huoltoon kuluisi mahdollisimman v\u00e4h\u00e4n arvokasta aikaa.<\/strong><\/h4>\n<h4 style=\"text-align: center;\"><strong>Edell\u00e4 lueteltujen ratkaisujen vuoksi &#8211; ja tietenkin luontaisen tehokkuutemme takia &#8211; stONE-murskauslaitoksen rakentamis- ja toimitusaika on merkitt\u00e4v\u00e4sti lyhyempi kuin suurimmalla osalla laitostoimittajia. Voimme toimittaa alkutekij\u00f6ist\u00e4\u00e4n kasatun murskauslaitoksen noin kuudessa kuukaudessa tilauksesta. Pid\u00e4mme mahdollisuuksien mukaan yht\u00e4 stONE-murskauslaitosta aina varastossa, joten hyv\u00e4ll\u00e4 onnella sellaisen saa mukaansa l\u00e4hes v\u00e4litt\u00f6m\u00e4sti.\u00a0<\/strong><\/h4>\n<\/div><div class=\"fusion-sep-clear\"><\/div><div class=\"fusion-separator fusion-full-width-sep\" style=\"margin-left: auto;margin-right: auto;width:100%;\"><div class=\"fusion-separator-border sep-double sep-dashed\" style=\"--awb-height:20px;--awb-amount:20px;border-color:#e0dede;border-top-width:1px;border-bottom-width:1px;\"><\/div><\/div><div class=\"fusion-sep-clear\"><\/div><div class=\"fusion-image-element fusion-image-align-center in-legacy-container\" style=\"text-align:center;--awb-caption-title-font-family:var(--h2_typography-font-family);--awb-caption-title-font-weight:var(--h2_typography-font-weight);--awb-caption-title-font-style:var(--h2_typography-font-style);--awb-caption-title-size:var(--h2_typography-font-size);--awb-caption-title-transform:var(--h2_typography-text-transform);--awb-caption-title-line-height:var(--h2_typography-line-height);--awb-caption-title-letter-spacing:var(--h2_typography-letter-spacing);\"><div class=\"imageframe-align-center\"><span class=\" fusion-imageframe imageframe-none imageframe-1 hover-type-none\"><img decoding=\"async\" width=\"420\" height=\"280\" title=\"meplogo_pieni2\" src=\"https:\/\/www.mepsteel.fi\/sivut\/wp-content\/uploads\/2014\/10\/meplogo_pieni2.jpg\" alt class=\"img-responsive wp-image-80\" srcset=\"https:\/\/www.mepsteel.fi\/sivut\/wp-content\/uploads\/2014\/10\/meplogo_pieni2-300x200.jpg 300w, https:\/\/www.mepsteel.fi\/sivut\/wp-content\/uploads\/2014\/10\/meplogo_pieni2.jpg 420w\" sizes=\"(max-width: 420px) 100vw, 420px\" \/><\/span><\/div><\/div><div class=\"fusion-sep-clear\"><\/div><div class=\"fusion-separator fusion-full-width-sep\" style=\"margin-left: auto;margin-right: auto;width:100%;\"><div class=\"fusion-separator-border sep-double sep-dashed\" style=\"--awb-height:20px;--awb-amount:20px;border-color:#e0dede;border-top-width:1px;border-bottom-width:1px;\"><\/div><\/div><div class=\"fusion-sep-clear\"><\/div><div class=\"fusion-builder-row fusion-builder-row-inner fusion-row\"><div class=\"fusion-layout-column fusion_builder_column_inner fusion-builder-nested-column-0 fusion_builder_column_inner_1_6 1_6 fusion-one-sixth fusion-column-first\" style=\"--awb-bg-size:cover;width:16.666666666667%;width:calc(16.666666666667% - ( ( 4% + 4% + 4% + 4% + 4% ) * 0.16666666666667 ) );margin-right: 4%;\"><div class=\"fusion-column-wrapper fusion-flex-column-wrapper-legacy\"><div class=\"fusion-text fusion-text-3\"><p><strong>Esimurskain-<\/strong><\/p>\n<p><strong>yksikk\u00f6<\/strong><\/p>\n<ul>\n<li>C130<\/li>\n<li>Sy\u00f6tin 5,6 x 1,6m<\/li>\n<li>Sy\u00f6tt\u00f6suppilo<\/li>\n<li>Hydraulijalat<\/li>\n<li>200 kW moottori<\/li>\n<\/ul>\n<\/div><div class=\"fusion-clearfix\"><\/div><\/div><\/div><div class=\"fusion-layout-column fusion_builder_column_inner fusion-builder-nested-column-1 fusion_builder_column_inner_1_6 1_6 fusion-one-sixth\" style=\"--awb-bg-size:cover;width:16.666666666667%;width:calc(16.666666666667% - ( ( 4% + 4% + 4% + 4% + 4% ) * 0.16666666666667 ) );margin-right: 4%;\"><div class=\"fusion-column-wrapper fusion-flex-column-wrapper-legacy\"><div class=\"fusion-text fusion-text-4\"><p><strong>J\u00e4lkimurskain-<\/strong><\/p>\n<p><strong>yksikk\u00f6<\/strong><\/p>\n<ul>\n<li>GP550<\/li>\n<li>Sy\u00f6tt\u00f6suppilo<\/li>\n<li>Hydraulijalat<\/li>\n<li>315 kW moottori<\/li>\n<\/ul>\n<\/div><div class=\"fusion-clearfix\"><\/div><\/div><\/div><div class=\"fusion-layout-column fusion_builder_column_inner fusion-builder-nested-column-2 fusion_builder_column_inner_1_6 1_6 fusion-one-sixth\" style=\"--awb-bg-size:cover;width:16.666666666667%;width:calc(16.666666666667% - ( ( 4% + 4% + 4% + 4% + 4% ) * 0.16666666666667 ) );margin-right: 4%;\"><div class=\"fusion-column-wrapper fusion-flex-column-wrapper-legacy\"><div class=\"fusion-text fusion-text-5\"><p><strong>Seulontayksikk\u00f6 2kpl<\/strong><\/p>\n<ul>\n<li>Vaakatasoseula 2 x 10 m2<\/li>\n<li>Jalat sek\u00e4 suppilot<\/li>\n<li>22 kW moottori<\/li>\n<\/ul>\n<\/div><div class=\"fusion-clearfix\"><\/div><\/div><\/div><div class=\"fusion-layout-column fusion_builder_column_inner fusion-builder-nested-column-3 fusion_builder_column_inner_1_6 1_6 fusion-one-sixth\" style=\"--awb-bg-size:cover;width:16.666666666667%;width:calc(16.666666666667% - ( ( 4% + 4% + 4% + 4% + 4% ) * 0.16666666666667 ) );margin-right: 4%;\"><div class=\"fusion-column-wrapper fusion-flex-column-wrapper-legacy\"><div class=\"fusion-text fusion-text-6\"><p><strong>Kuljettimet 8 kpl<\/strong><\/p>\n<ul>\n<li>4 x 1400mm leve\u00e4 kuljetin<\/li>\n<li>4 x 1000mm leve\u00e4 kuljetin<\/li>\n<li>Itsekantavat rungot<\/li>\n<li>15 kW vaihdemoottori kaikissa<\/li>\n<\/ul>\n<\/div><div class=\"fusion-clearfix\"><\/div><\/div><\/div><div class=\"fusion-layout-column fusion_builder_column_inner fusion-builder-nested-column-4 fusion_builder_column_inner_1_6 1_6 fusion-one-sixth\" style=\"--awb-bg-size:cover;width:16.666666666667%;width:calc(16.666666666667% - ( ( 4% + 4% + 4% + 4% + 4% ) * 0.16666666666667 ) );margin-right: 4%;\"><div class=\"fusion-column-wrapper fusion-flex-column-wrapper-legacy\"><div class=\"fusion-text fusion-text-7\"><p><strong>Valvomo<\/strong><\/p>\n<ul>\n<li>L\u00e4mp\u00f6eristetty laitetila<\/li>\n<li>Valvomotila<\/li>\n<li>S\u00e4hk\u00f6keskus<\/li>\n<li>J\u00e4lkimurskaimen voitelu- ja s\u00e4\u00e4t\u00f6laitteet<\/li>\n<\/ul>\n<\/div><div class=\"fusion-clearfix\"><\/div><\/div><\/div><div class=\"fusion-layout-column fusion_builder_column_inner fusion-builder-nested-column-5 fusion_builder_column_inner_1_6 1_6 fusion-one-sixth fusion-column-last\" style=\"--awb-bg-size:cover;width:16.666666666667%;width:calc(16.666666666667% - ( ( 4% + 4% + 4% + 4% + 4% ) * 0.16666666666667 ) );\"><div class=\"fusion-column-wrapper fusion-flex-column-wrapper-legacy\"><div class=\"fusion-text fusion-text-8\"><p><strong>Generaattori-<\/strong><\/p>\n<p><strong>yksikk\u00f6<\/strong><\/p>\n<ul>\n<li>Generaattori 1:\u00a0 720 kW<\/li>\n<li>Generaattori 2:\u00a0 50 kW<\/li>\n<li>Polttoaines\u00e4ili\u00f6 (16m3)<\/li>\n<li>L\u00e4mp\u00f6- ja p\u00f6lyeristetty laitetila<\/li>\n<li>Hydraulijalat<\/li>\n<\/ul>\n<\/div><div class=\"fusion-clearfix\"><\/div><\/div><\/div><\/div><div class=\"fusion-builder-row fusion-builder-row-inner fusion-row\"><div class=\"fusion-layout-column fusion_builder_column_inner fusion-builder-nested-column-6 fusion_builder_column_inner_1_1 1_1 fusion-one-full fusion-column-first fusion-column-last\" style=\"--awb-bg-size:cover;\"><div class=\"fusion-column-wrapper fusion-flex-column-wrapper-legacy\"><div class=\"fusion-text fusion-text-9\"><p><strong>Lis\u00e4ksi ty\u00f6paja &amp; varastoyksikk\u00f6 ty\u00f6kaluineen<\/strong><\/p>\n<\/div><div class=\"fusion-clearfix\"><\/div><\/div><\/div><\/div><div class=\"fusion-clearfix\"><\/div><\/div><\/div><\/div><\/div>\n","protected":false},"excerpt":{"rendered":"","protected":false},"author":6,"featured_media":0,"parent":0,"menu_order":0,"comment_status":"closed","ping_status":"closed","template":"","meta":{"footnotes":""},"class_list":["post-382","page","type-page","status-publish","hentry"],"_links":{"self":[{"href":"https:\/\/www.mepsteel.fi\/sivut\/wp-json\/wp\/v2\/pages\/382","targetHints":{"allow":["GET"]}}],"collection":[{"href":"https:\/\/www.mepsteel.fi\/sivut\/wp-json\/wp\/v2\/pages"}],"about":[{"href":"https:\/\/www.mepsteel.fi\/sivut\/wp-json\/wp\/v2\/types\/page"}],"author":[{"embeddable":true,"href":"https:\/\/www.mepsteel.fi\/sivut\/wp-json\/wp\/v2\/users\/6"}],"replies":[{"embeddable":true,"href":"https:\/\/www.mepsteel.fi\/sivut\/wp-json\/wp\/v2\/comments?post=382"}],"version-history":[{"count":7,"href":"https:\/\/www.mepsteel.fi\/sivut\/wp-json\/wp\/v2\/pages\/382\/revisions"}],"predecessor-version":[{"id":418,"href":"https:\/\/www.mepsteel.fi\/sivut\/wp-json\/wp\/v2\/pages\/382\/revisions\/418"}],"wp:attachment":[{"href":"https:\/\/www.mepsteel.fi\/sivut\/wp-json\/wp\/v2\/media?parent=382"}],"curies":[{"name":"wp","href":"https:\/\/api.w.org\/{rel}","templated":true}]}}