{"id":10,"date":"2014-10-16T10:00:34","date_gmt":"2014-10-16T07:00:34","guid":{"rendered":"http:\/\/mepsteel.fixcom.fi\/sivut\/?page_id=10"},"modified":"2017-08-16T12:46:11","modified_gmt":"2017-08-16T09:46:11","slug":"mep-breaker","status":"publish","type":"page","link":"https:\/\/www.mepsteel.fi\/sivut\/mep-breaker\/","title":{"rendered":"MEP Breaker"},"content":{"rendered":"<div class=\"fusion-fullwidth fullwidth-box fusion-builder-row-1 hundred-percent-fullwidth non-hundred-percent-height-scrolling\" style=\"--awb-border-radius-top-left:0px;--awb-border-radius-top-right:0px;--awb-border-radius-bottom-right:0px;--awb-border-radius-bottom-left:0px;--awb-overflow:visible;--awb-flex-wrap:wrap;\" ><div class=\"fusion-builder-row fusion-row\"><div class=\"fusion-layout-column fusion_builder_column fusion-builder-column-0 fusion_builder_column_1_1 1_1 fusion-one-full fusion-column-first fusion-column-last fusion-column-no-min-height\" style=\"--awb-bg-size:cover;--awb-margin-bottom:0px;\"><div class=\"fusion-column-wrapper fusion-flex-column-wrapper-legacy\"><div class=\"fusion-title title fusion-title-1 fusion-title-text fusion-title-size-one\" style=\"--awb-margin-bottom:10px;--awb-margin-top-small:10px;--awb-margin-right-small:0px;--awb-margin-bottom-small:10px;--awb-margin-left-small:0px;--awb-sep-color:#cecece;\"><h1 class=\"fusion-title-heading title-heading-left\" style=\"margin:0;\">MEP Steel Breaker<\/h1><span class=\"awb-title-spacer\"><\/span><div class=\"title-sep-container\"><div class=\"title-sep sep-single sep-solid\" style=\"border-color:#cecece;\"><\/div><\/div><\/div><div class=\"fusion-text fusion-text-1\"><h2>Uusi purkulaite\u00a0betonin murskaamiseen<\/h2>\n<\/div><div class=\"fusion-clearfix\"><\/div><\/div><\/div><div class=\"fusion-layout-column fusion_builder_column fusion-builder-column-1 fusion_builder_column_2_3 2_3 fusion-two-third fusion-column-first\" style=\"--awb-bg-size:cover;width:66.666666666667%;width:calc(66.666666666667% - ( ( 4% ) * 0.66666666666667 ) );margin-right: 4%;\"><div class=\"fusion-column-wrapper fusion-flex-column-wrapper-legacy\"><div class=\"fusion-text fusion-text-2\"><p style=\"text-align: justify;\">MEP Steel on kehitt\u00e4nyt uudenlaisen purkulaitteen, j\u00e4re\u00e4n rikottimen, joka soveltuu betonin ja muiden raskaiden materiaalien tai rakenteiden murskaamiseen. T\u00e4m\u00e4 MEP Breaker on vahva purkuty\u00f6kalu, jota voidaan k\u00e4ytt\u00e4\u00e4 my\u00f6s suurten kivilohkareiden, kuonan ja jopa betoniter\u00e4ksen\u00a0purkut\u00f6iss\u00e4. Kone murskaa ter\u00e4sbetonin niin, ett\u00e4 tangot irtoavat, jolloin itse pulverointiprosessi tapahtuu nopeammin ja tehokkaammin. Laite sopii erityisesti my\u00f6s sellaisiin kohteisiin, joissa r\u00e4j\u00e4ytys ei ole mahdollista.<\/p>\n<p style=\"text-align: justify;\">Laitteessa on kuula, joka nostetaan hydraulisesti putken sis\u00e4ll\u00e4 ja sitten pudotetaan alas kohteen murskaamiseksi. Kuulan nosto kest\u00e4\u00e4 vain pari sekuntia. Laitetta on kolme kokoluokkaa, 9 t, 12 t ja 19,5 t. Kaikkia voidaan k\u00e4ytt\u00e4\u00e4 45 tonnin kaivinkoneessa.<\/p>\n<\/div><div class=\"fusion-video fusion-youtube fusion-no-medium-visibility\" style=\"--awb-max-width:600px;--awb-max-height:360px;\" data-autoplay=\"1\"><div class=\"video-shortcode\"><div class=\"fluid-width-video-wrapper\" style=\"padding-top:60%;\" ><iframe title=\"YouTube video player 1\" src=\"https:\/\/www.youtube.com\/embed\/eBxvumXrBsI?wmode=transparent&autoplay=0\" width=\"600\" height=\"360\" allowfullscreen allow=\"autoplay; clipboard-write; encrypted-media; gyroscope; picture-in-picture;\"><\/iframe><\/div><\/div><\/div><div class=\"fusion-text fusion-text-3\"><h3>Monia etuja<\/h3>\n<p style=\"text-align: justify;\">MEP Breaker on puolellaan monia etuja tavanomaisiin purkulaitteisiin verrattuna. Se on kustannustehokas, koska sen k\u00e4ytt\u00e4miseksi ei ole tarvetta investoida raskaaseen kalustoon.<\/p>\n<p style=\"text-align: justify;\">Se my\u00f6s v\u00e4hent\u00e4\u00e4 rasitusta kaivonkoneen puomiin ja hydrauliikkaan, koska siin\u00e4 ei ole lainkaan hakkaavia elementtej\u00e4. T\u00e4m\u00e4n vuoksi kaivinkone kest\u00e4\u00e4 pidemp\u00e4\u00e4n ja lis\u00e4\u00e4 sen j\u00e4lleenmyyntiarvoa.<\/p>\n<p style=\"text-align: justify;\">Lis\u00e4ksi laitteen rakenne on sellainen, ettei putken sis\u00e4ll\u00e4 ole hydrauliletkuja, joten hydrauli\u00f6ljyvuoto ei my\u00f6sk\u00e4\u00e4n ole mahdollinen. Kuljettajan ty\u00f6oloja parantaa my\u00f6s se, ett\u00e4 t\u00e4ry\u00e4 ja melua on hyvin v\u00e4h\u00e4n. T\u00e4m\u00e4 my\u00f6s v\u00e4hent\u00e4\u00e4 valituksia ty\u00f6maan ulkopuolelta.<\/p>\n<h3>Asiakkaalta asiakkaalle<\/h3>\n<p>Aikaisempien saman tyyppisten rikottimien heikkoudet on saatu eliminoitua pitk\u00e4\u00e4n rikottimia k\u00e4ytt\u00e4neen maarakentajan ideoimana. MEP Breaker on t\u00e4ysin uudenlainen laite.<\/p>\n<p>Yhteisty\u00f6 jatkuu, jotta my\u00f6s muut urakoitsijat voisivat hy\u00f6ty\u00e4 t\u00e4st\u00e4 uudesta kokonaistehokkaasta laitteesta.<\/p>\n<p><strong>Lis\u00e4tiedot s\u00e4hk\u00f6postitse: myynti (\u00e4t) mepsteel.fi tai puhelimitse: +358\u00a040\u00a05481\u00a0282<\/strong><\/p>\n<\/div><div class=\"fusion-clearfix\"><\/div><\/div><\/div><div class=\"fusion-layout-column fusion_builder_column fusion-builder-column-2 fusion_builder_column_1_3 1_3 fusion-one-third fusion-column-last\" style=\"--awb-bg-size:cover;width:33.333333333333%;width:calc(33.333333333333% - ( ( 4% ) * 0.33333333333333 ) );\"><div class=\"fusion-column-wrapper fusion-flex-column-wrapper-legacy\"><div class=\"fusion-image-element in-legacy-container\" style=\"--awb-caption-title-font-family:var(--h2_typography-font-family);--awb-caption-title-font-weight:var(--h2_typography-font-weight);--awb-caption-title-font-style:var(--h2_typography-font-style);--awb-caption-title-size:var(--h2_typography-font-size);--awb-caption-title-transform:var(--h2_typography-text-transform);--awb-caption-title-line-height:var(--h2_typography-line-height);--awb-caption-title-letter-spacing:var(--h2_typography-letter-spacing);\"><span class=\" fusion-imageframe imageframe-none imageframe-1 hover-type-none\"><img decoding=\"async\" width=\"873\" height=\"2000\" title=\"MEP-Breaker\" src=\"https:\/\/www.mepsteel.fi\/sivut\/wp-content\/uploads\/2014\/10\/MEP-Breaker.jpg\" alt class=\"img-responsive wp-image-175\"\/><\/span><\/div><div class=\"fusion-sep-clear\"><\/div><div class=\"fusion-separator fusion-full-width-sep\" style=\"margin-left: auto;margin-right: auto;margin-top:20px;width:100%;\"><\/div><div class=\"fusion-sep-clear\"><\/div><div class=\"fusion-image-element in-legacy-container\" style=\"--awb-caption-title-font-family:var(--h2_typography-font-family);--awb-caption-title-font-weight:var(--h2_typography-font-weight);--awb-caption-title-font-style:var(--h2_typography-font-style);--awb-caption-title-size:var(--h2_typography-font-size);--awb-caption-title-transform:var(--h2_typography-text-transform);--awb-caption-title-line-height:var(--h2_typography-line-height);--awb-caption-title-letter-spacing:var(--h2_typography-letter-spacing);\"><span class=\" fusion-imageframe imageframe-none imageframe-2 hover-type-none\"><img decoding=\"async\" width=\"1100\" height=\"733\" title=\"MEPbreakerradalla-1\" src=\"https:\/\/www.mepsteel.fi\/sivut\/wp-content\/uploads\/2014\/10\/MEPbreakerradalla-1.jpg\" alt class=\"img-responsive wp-image-115\" srcset=\"https:\/\/www.mepsteel.fi\/sivut\/wp-content\/uploads\/2014\/10\/MEPbreakerradalla-1-300x199.jpg 300w, https:\/\/www.mepsteel.fi\/sivut\/wp-content\/uploads\/2014\/10\/MEPbreakerradalla-1-1024x682.jpg 1024w, https:\/\/www.mepsteel.fi\/sivut\/wp-content\/uploads\/2014\/10\/MEPbreakerradalla-1.jpg 1100w\" sizes=\"(max-width: 1100px) 100vw, 1100px\" \/><\/span><\/div><div class=\"fusion-clearfix\"><\/div><\/div><\/div><div class=\"fusion-layout-column fusion_builder_column fusion-builder-column-3 fusion_builder_column_1_1 1_1 fusion-one-full fusion-column-first fusion-column-last fusion-column-no-min-height\" style=\"--awb-bg-size:cover;--awb-margin-bottom:0px;\"><div class=\"fusion-column-wrapper fusion-flex-column-wrapper-legacy\"><div class=\"fusion-title title fusion-title-2 fusion-title-text fusion-title-size-two\" style=\"--awb-margin-top-small:10px;--awb-margin-right-small:0px;--awb-margin-bottom-small:10px;--awb-margin-left-small:0px;\"><h2 class=\"fusion-title-heading title-heading-left\" style=\"margin:0;\">MEP Breaker tekniset tiedot:<\/h2><span class=\"awb-title-spacer\"><\/span><div class=\"title-sep-container\"><div class=\"title-sep sep-double sep-solid\" style=\"border-color:#e0dede;\"><\/div><\/div><\/div><div class=\"fusion-sep-clear\"><\/div><div class=\"fusion-separator fusion-has-icon fusion-full-width-sep\" style=\"margin-left: auto;margin-right: auto;margin-top:0px;margin-bottom:-20px;width:100%;\"><\/div><div class=\"fusion-sep-clear\"><\/div><div class=\"fusion-clearfix\"><\/div><\/div><\/div><div class=\"fusion-layout-column fusion_builder_column fusion-builder-column-4 fusion_builder_column_1_5 1_5 fusion-one-fifth fusion-column-first\" style=\"--awb-bg-size:cover;width:20%;width:calc(20% - ( ( 4% + 4% + 4% ) * 0.2 ) );margin-right: 4%;\"><div class=\"fusion-column-wrapper fusion-flex-column-wrapper-legacy\"><div class=\"fusion-text fusion-text-4\"><h3>MEP Breaker 200kJ<\/h3>\n<ul>\n<li>Teho 200kJ<\/li>\n<li>Kokonaispaino 9t<\/li>\n<li>Kuula 4t<\/li>\n<li>Pituus 7m<\/li>\n<li>esim. maakivien rikotukseen tai rakennusten purkuun<\/li>\n<\/ul>\n<\/div><div class=\"fusion-clearfix\"><\/div><\/div><\/div><div class=\"fusion-layout-column fusion_builder_column fusion-builder-column-5 fusion_builder_column_1_5 1_5 fusion-one-fifth\" style=\"--awb-bg-size:cover;width:20%;width:calc(20% - ( ( 4% + 4% + 4% ) * 0.2 ) );margin-right: 4%;\"><div class=\"fusion-column-wrapper fusion-flex-column-wrapper-legacy\"><div class=\"fusion-text fusion-text-5\"><h3>MEP Breaker 300kJ<\/h3>\n<ul>\n<li>Teho 300kJ<\/li>\n<li>Kokonaispaino 12t<\/li>\n<li>Kuula 5t<\/li>\n<li>esim valuraudan pilkkomiseen<\/li>\n<\/ul>\n<\/div><div class=\"fusion-clearfix\"><\/div><\/div><\/div><div class=\"fusion-layout-column fusion_builder_column fusion-builder-column-6 fusion_builder_column_1_5 1_5 fusion-one-fifth\" style=\"--awb-bg-size:cover;width:20%;width:calc(20% - ( ( 4% + 4% + 4% ) * 0.2 ) );margin-right: 4%;\"><div class=\"fusion-column-wrapper fusion-flex-column-wrapper-legacy\"><div class=\"fusion-text fusion-text-6\"><h3>MEP Breaker 1000kJ<\/h3>\n<ul>\n<li>Teho\u00a01000kJ<\/li>\n<li>Kokonaispaino\u00a019,5t<\/li>\n<li>Kuula 10t<\/li>\n<li>esim. maaper\u00e4n syv\u00e4tiivistykseen<\/li>\n<\/ul>\n<\/div><div class=\"fusion-clearfix\"><\/div><\/div><\/div><div class=\"fusion-layout-column fusion_builder_column fusion-builder-column-7 fusion_builder_column_2_5 2_5 fusion-two-fifth fusion-column-last\" style=\"--awb-bg-size:cover;width:40%;width:calc(40% - ( ( 4% + 4% + 4% ) * 0.4 ) );\"><div class=\"fusion-column-wrapper fusion-flex-column-wrapper-legacy\"><div class=\"fusion-text fusion-text-7\"><h3>Kaikille malleille yhteist\u00e4:<\/h3>\n<ul>\n<li>Lifting pressure \/ flow 150-200 bar \/ 200l\/min<\/li>\n<li>Lowering pressure \/ flow 90 bar \/ 130l\/min<\/li>\n<li>Locking pressure \/ flow 100 bar \/ 50l\/min<\/li>\n<li>Opening pressure \/ flow 150-200 bar \/ 50l\/min<\/li>\n<\/ul>\n<\/div><div class=\"fusion-clearfix\"><\/div><\/div><\/div><div class=\"fusion-layout-column fusion_builder_column fusion-builder-column-8 fusion_builder_column_1_1 1_1 fusion-one-full fusion-column-first fusion-column-last\" style=\"--awb-bg-size:cover;\"><div class=\"fusion-column-wrapper fusion-flex-column-wrapper-legacy\"><div class=\"fusion-text fusion-text-8\"><p style=\"text-align: center;\"><strong>MEP Breaker saatavissa my\u00f6s mangaanik\u00e4rjell\u00e4 vahvistetulla kuulalla.<\/strong><\/p>\n<\/div><div class=\"fusion-clearfix\"><\/div><\/div><\/div><div class=\"fusion-layout-column fusion_builder_column fusion-builder-column-9 fusion_builder_column_1_1 1_1 fusion-one-full fusion-column-first fusion-column-last fusion-column-no-min-height\" style=\"--awb-bg-size:cover;\"><div class=\"fusion-column-wrapper fusion-flex-column-wrapper-legacy\"><div class=\"fusion-image-element fusion-image-align-center in-legacy-container\" style=\"text-align:center;--awb-caption-title-font-family:var(--h2_typography-font-family);--awb-caption-title-font-weight:var(--h2_typography-font-weight);--awb-caption-title-font-style:var(--h2_typography-font-style);--awb-caption-title-size:var(--h2_typography-font-size);--awb-caption-title-transform:var(--h2_typography-text-transform);--awb-caption-title-line-height:var(--h2_typography-line-height);--awb-caption-title-letter-spacing:var(--h2_typography-letter-spacing);\"><div class=\"imageframe-align-center\"><span class=\" fusion-imageframe imageframe-none imageframe-3 hover-type-none\"><img decoding=\"async\" width=\"1100\" height=\"470\" title=\"breaker_naistenlahti\" src=\"https:\/\/www.mepsteel.fi\/sivut\/wp-content\/uploads\/2014\/10\/breaker_naistenlahti.jpg\" alt class=\"img-responsive wp-image-154\" srcset=\"https:\/\/www.mepsteel.fi\/sivut\/wp-content\/uploads\/2014\/10\/breaker_naistenlahti-300x128.jpg 300w, https:\/\/www.mepsteel.fi\/sivut\/wp-content\/uploads\/2014\/10\/breaker_naistenlahti-1024x437.jpg 1024w, https:\/\/www.mepsteel.fi\/sivut\/wp-content\/uploads\/2014\/10\/breaker_naistenlahti.jpg 1100w\" sizes=\"(max-width: 1100px) 100vw, 1100px\" \/><\/span><\/div><\/div><div class=\"fusion-clearfix\"><\/div><\/div><\/div><\/div><\/div>\n","protected":false},"excerpt":{"rendered":"","protected":false},"author":1,"featured_media":0,"parent":0,"menu_order":3,"comment_status":"open","ping_status":"closed","template":"","meta":{"footnotes":""},"class_list":["post-10","page","type-page","status-publish","hentry"],"_links":{"self":[{"href":"https:\/\/www.mepsteel.fi\/sivut\/wp-json\/wp\/v2\/pages\/10","targetHints":{"allow":["GET"]}}],"collection":[{"href":"https:\/\/www.mepsteel.fi\/sivut\/wp-json\/wp\/v2\/pages"}],"about":[{"href":"https:\/\/www.mepsteel.fi\/sivut\/wp-json\/wp\/v2\/types\/page"}],"author":[{"embeddable":true,"href":"https:\/\/www.mepsteel.fi\/sivut\/wp-json\/wp\/v2\/users\/1"}],"replies":[{"embeddable":true,"href":"https:\/\/www.mepsteel.fi\/sivut\/wp-json\/wp\/v2\/comments?post=10"}],"version-history":[{"count":76,"href":"https:\/\/www.mepsteel.fi\/sivut\/wp-json\/wp\/v2\/pages\/10\/revisions"}],"predecessor-version":[{"id":356,"href":"https:\/\/www.mepsteel.fi\/sivut\/wp-json\/wp\/v2\/pages\/10\/revisions\/356"}],"wp:attachment":[{"href":"https:\/\/www.mepsteel.fi\/sivut\/wp-json\/wp\/v2\/media?parent=10"}],"curies":[{"name":"wp","href":"https:\/\/api.w.org\/{rel}","templated":true}]}}